{"id":6031,"date":"2023-05-08T15:27:55","date_gmt":"2023-05-08T14:27:55","guid":{"rendered":"https:\/\/italpizza.com\/chi-siamo\/"},"modified":"2025-11-11T16:36:24","modified_gmt":"2025-11-11T15:36:24","slug":"une-belle-histoire","status":"publish","type":"page","link":"https:\/\/italpizza.com\/fr\/une-belle-histoire\/","title":{"rendered":"Une belle histoire"},"content":{"rendered":"","protected":false},"excerpt":{"rendered":"","protected":false},"author":10814,"featured_media":4942,"parent":0,"menu_order":0,"comment_status":"open","ping_status":"closed","template":"","meta":{"footnotes":""},"class_list":["post-6031","page","type-page","status-publish","has-post-thumbnail","hentry"],"yoast_head":"<!-- This site is optimized with the Yoast SEO plugin v27.4 - https:\/\/yoast.com\/product\/yoast-seo-wordpress\/ -->\n<title>Une belle histoire - Italpizza<\/title>\n<meta name=\"description\" content=\"Vous recherchez le go\u00fbt authentique de la pizza italienne ? Pas de probl\u00e8me : nous sommes l\u00e0 pour vous. Dans votre supermarch\u00e9 pr\u00e9f\u00e9r\u00e9.\" \/>\n<meta name=\"robots\" content=\"index, follow, max-snippet:-1, max-image-preview:large, max-video-preview:-1\" \/>\n<link rel=\"canonical\" href=\"https:\/\/italpizza.com\/chi-siamo\/\" \/>\n<meta property=\"og:locale\" content=\"fr_FR\" \/>\n<meta property=\"og:type\" content=\"article\" \/>\n<meta property=\"og:title\" content=\"Une belle histoire - Italpizza\" \/>\n<meta property=\"og:description\" content=\"Vous recherchez le go\u00fbt authentique de la pizza italienne ? Pas de probl\u00e8me : nous sommes l\u00e0 pour vous. Dans votre supermarch\u00e9 pr\u00e9f\u00e9r\u00e9.\" \/>\n<meta property=\"og:url\" content=\"https:\/\/italpizza.com\/chi-siamo\/\" \/>\n<meta property=\"og:site_name\" content=\"Italpizza\" \/>\n<meta property=\"article:modified_time\" content=\"2025-11-11T15:36:24+00:00\" \/>\n<meta property=\"og:image\" content=\"https:\/\/italpizza.com\/wp-content\/uploads\/2023\/05\/anteprima_pagina.png\" \/>\n\t<meta property=\"og:image:width\" content=\"726\" \/>\n\t<meta property=\"og:image:height\" content=\"726\" \/>\n\t<meta property=\"og:image:type\" content=\"image\/png\" \/>\n<meta name=\"twitter:card\" content=\"summary_large_image\" \/>\n<script type=\"application\/ld+json\" class=\"yoast-schema-graph\">{\"@context\":\"https:\\\/\\\/schema.org\",\"@graph\":[{\"@type\":\"WebPage\",\"@id\":\"https:\\\/\\\/italpizza.com\\\/chi-siamo\\\/\",\"url\":\"https:\\\/\\\/italpizza.com\\\/chi-siamo\\\/\",\"name\":\"Une belle histoire - Italpizza\",\"isPartOf\":{\"@id\":\"https:\\\/\\\/italpizza.com\\\/#website\"},\"primaryImageOfPage\":{\"@id\":\"https:\\\/\\\/italpizza.com\\\/chi-siamo\\\/#primaryimage\"},\"image\":{\"@id\":\"https:\\\/\\\/italpizza.com\\\/chi-siamo\\\/#primaryimage\"},\"thumbnailUrl\":\"https:\\\/\\\/italpizza.com\\\/wp-content\\\/uploads\\\/2023\\\/05\\\/anteprima_pagina.png\",\"datePublished\":\"2023-05-08T14:27:55+00:00\",\"dateModified\":\"2025-11-11T15:36:24+00:00\",\"description\":\"Vous recherchez le go\u00fbt authentique de la pizza italienne ? Pas de probl\u00e8me : nous sommes l\u00e0 pour vous. Dans votre supermarch\u00e9 pr\u00e9f\u00e9r\u00e9.\",\"breadcrumb\":{\"@id\":\"https:\\\/\\\/italpizza.com\\\/chi-siamo\\\/#breadcrumb\"},\"inLanguage\":\"fr-FR\",\"potentialAction\":[{\"@type\":\"ReadAction\",\"target\":[\"https:\\\/\\\/italpizza.com\\\/chi-siamo\\\/\"]}]},{\"@type\":\"ImageObject\",\"inLanguage\":\"fr-FR\",\"@id\":\"https:\\\/\\\/italpizza.com\\\/chi-siamo\\\/#primaryimage\",\"url\":\"https:\\\/\\\/italpizza.com\\\/wp-content\\\/uploads\\\/2023\\\/05\\\/anteprima_pagina.png\",\"contentUrl\":\"https:\\\/\\\/italpizza.com\\\/wp-content\\\/uploads\\\/2023\\\/05\\\/anteprima_pagina.png\",\"width\":726,\"height\":726},{\"@type\":\"BreadcrumbList\",\"@id\":\"https:\\\/\\\/italpizza.com\\\/chi-siamo\\\/#breadcrumb\",\"itemListElement\":[{\"@type\":\"ListItem\",\"position\":1,\"name\":\"Home\",\"item\":\"https:\\\/\\\/italpizza.com\\\/\"},{\"@type\":\"ListItem\",\"position\":2,\"name\":\"Une belle histoire\"}]},{\"@type\":\"WebSite\",\"@id\":\"https:\\\/\\\/italpizza.com\\\/#website\",\"url\":\"https:\\\/\\\/italpizza.com\\\/\",\"name\":\"Italpizza\",\"description\":\"\",\"potentialAction\":[{\"@type\":\"SearchAction\",\"target\":{\"@type\":\"EntryPoint\",\"urlTemplate\":\"https:\\\/\\\/italpizza.com\\\/?s={search_term_string}\"},\"query-input\":{\"@type\":\"PropertyValueSpecification\",\"valueRequired\":true,\"valueName\":\"search_term_string\"}}],\"inLanguage\":\"fr-FR\"}]}<\/script>\n<!-- \/ Yoast SEO plugin. -->","yoast_head_json":{"title":"Une belle histoire - Italpizza","description":"Vous recherchez le go\u00fbt authentique de la pizza italienne ? Pas de probl\u00e8me : nous sommes l\u00e0 pour vous. Dans votre supermarch\u00e9 pr\u00e9f\u00e9r\u00e9.","robots":{"index":"index","follow":"follow","max-snippet":"max-snippet:-1","max-image-preview":"max-image-preview:large","max-video-preview":"max-video-preview:-1"},"canonical":"https:\/\/italpizza.com\/chi-siamo\/","og_locale":"fr_FR","og_type":"article","og_title":"Une belle histoire - Italpizza","og_description":"Vous recherchez le go\u00fbt authentique de la pizza italienne ? Pas de probl\u00e8me : nous sommes l\u00e0 pour vous. Dans votre supermarch\u00e9 pr\u00e9f\u00e9r\u00e9.","og_url":"https:\/\/italpizza.com\/chi-siamo\/","og_site_name":"Italpizza","article_modified_time":"2025-11-11T15:36:24+00:00","og_image":[{"width":726,"height":726,"url":"https:\/\/italpizza.com\/wp-content\/uploads\/2023\/05\/anteprima_pagina.png","type":"image\/png"}],"twitter_card":"summary_large_image","schema":{"@context":"https:\/\/schema.org","@graph":[{"@type":"WebPage","@id":"https:\/\/italpizza.com\/chi-siamo\/","url":"https:\/\/italpizza.com\/chi-siamo\/","name":"Une belle histoire - Italpizza","isPartOf":{"@id":"https:\/\/italpizza.com\/#website"},"primaryImageOfPage":{"@id":"https:\/\/italpizza.com\/chi-siamo\/#primaryimage"},"image":{"@id":"https:\/\/italpizza.com\/chi-siamo\/#primaryimage"},"thumbnailUrl":"https:\/\/italpizza.com\/wp-content\/uploads\/2023\/05\/anteprima_pagina.png","datePublished":"2023-05-08T14:27:55+00:00","dateModified":"2025-11-11T15:36:24+00:00","description":"Vous recherchez le go\u00fbt authentique de la pizza italienne ? Pas de probl\u00e8me : nous sommes l\u00e0 pour vous. Dans votre supermarch\u00e9 pr\u00e9f\u00e9r\u00e9.","breadcrumb":{"@id":"https:\/\/italpizza.com\/chi-siamo\/#breadcrumb"},"inLanguage":"fr-FR","potentialAction":[{"@type":"ReadAction","target":["https:\/\/italpizza.com\/chi-siamo\/"]}]},{"@type":"ImageObject","inLanguage":"fr-FR","@id":"https:\/\/italpizza.com\/chi-siamo\/#primaryimage","url":"https:\/\/italpizza.com\/wp-content\/uploads\/2023\/05\/anteprima_pagina.png","contentUrl":"https:\/\/italpizza.com\/wp-content\/uploads\/2023\/05\/anteprima_pagina.png","width":726,"height":726},{"@type":"BreadcrumbList","@id":"https:\/\/italpizza.com\/chi-siamo\/#breadcrumb","itemListElement":[{"@type":"ListItem","position":1,"name":"Home","item":"https:\/\/italpizza.com\/"},{"@type":"ListItem","position":2,"name":"Une belle histoire"}]},{"@type":"WebSite","@id":"https:\/\/italpizza.com\/#website","url":"https:\/\/italpizza.com\/","name":"Italpizza","description":"","potentialAction":[{"@type":"SearchAction","target":{"@type":"EntryPoint","urlTemplate":"https:\/\/italpizza.com\/?s={search_term_string}"},"query-input":{"@type":"PropertyValueSpecification","valueRequired":true,"valueName":"search_term_string"}}],"inLanguage":"fr-FR"}]}},"_links":{"self":[{"href":"https:\/\/italpizza.com\/fr\/wp-json\/wp\/v2\/pages\/6031","targetHints":{"allow":["GET"]}}],"collection":[{"href":"https:\/\/italpizza.com\/fr\/wp-json\/wp\/v2\/pages"}],"about":[{"href":"https:\/\/italpizza.com\/fr\/wp-json\/wp\/v2\/types\/page"}],"author":[{"embeddable":true,"href":"https:\/\/italpizza.com\/fr\/wp-json\/wp\/v2\/users\/10814"}],"replies":[{"embeddable":true,"href":"https:\/\/italpizza.com\/fr\/wp-json\/wp\/v2\/comments?post=6031"}],"version-history":[{"count":0,"href":"https:\/\/italpizza.com\/fr\/wp-json\/wp\/v2\/pages\/6031\/revisions"}],"wp:featuredmedia":[{"embeddable":true,"href":"https:\/\/italpizza.com\/fr\/wp-json\/wp\/v2\/media\/4942"}],"wp:attachment":[{"href":"https:\/\/italpizza.com\/fr\/wp-json\/wp\/v2\/media?parent=6031"}],"curies":[{"name":"wp","href":"https:\/\/api.w.org\/{rel}","templated":true}]}}